{"id":1947,"date":"2021-07-12T15:16:50","date_gmt":"2021-11-25T15:55:08","guid":{"rendered":"https:\/\/www.paciottisalumeria.it\/prodotto\/bagoss\/"},"modified":"2024-09-25T14:13:11","modified_gmt":"2024-09-25T12:13:11","slug":"bagoss-2","status":"publish","type":"product","link":"https:\/\/www.paciottisalumeria.it\/en\/prodotto\/bagoss-2\/","title":{"rendered":"Bag\u00f2ss"},"content":{"rendered":"<p>Bag\u00f2ss is the typical cheese of Bagolino, a small mountain town nestled in the center of the Italian Alps. Indeed Bag\u00f2ss is something more than Bagolino cheese, Bag\u00f2ss represents the very soul of the town and its people. In fact, Bag\u00f2ss is the name by which the inhabitants of Bagolino indicate themselves in the local dialect. The shape is cylindrical (diameter 40-55 cm, side 10-12 cm, weight I6-20 kg), with a hard consistency, the crust is oiled, the paste consistent, sometimes with small holes and when ripe it tends to break into flakes; the color is typical, straw yellow, due to the addition of saffron, while the rind has a brown-ocher color. The smell is characteristic of aged cheese, penetrating, persistent, the spicy sensations of saffron are perceived, combined with notes of pasture and haymaking. Typical intense flavor (of aged cheese, slightly spicy, especially in very aged cheeses.<\/p>\n","protected":false},"excerpt":{"rendered":"<p>Bag\u00f2ss is much more than a cheese: it is the living essence of Bagolino, an enchanting mountain village in the heart of the Italian Alps. Produced according to ancient local traditions, this hard cheese, enriched by the unmistakable aroma of saffron, gives you a unique sensory experience. Its intense flavor, with spicy notes and hints of pasture, evolves with aging, becoming slightly spicy in the more mature cheeses. Its brown-ochre rind and straw-yellow paste will transport you directly to the Alpine valleys. Perfect for those seeking authenticity and an unforgettable taste, Bag\u00f2ss is an excellence that cannot be missing from your table.    <\/p>\n","protected":false},"featured_media":4021,"template":"","meta":[],"product_cat":[78],"product_tag":[],"yoast_head":"<!-- This site is optimized with the Yoast SEO plugin v21.5 - https:\/\/yoast.com\/wordpress\/plugins\/seo\/ -->\n<title>Bag\u00f2ss - Paciotti Salumeria Rome<\/title>\n<meta name=\"description\" content=\"Bag\u00f2ss is the typical cheese of Bagolino, with an intense and spicy flavour thanks to saffron, an authentic symbol of Alpine traditions.\" \/>\n<meta name=\"robots\" content=\"index, follow, max-snippet:-1, max-image-preview:large, max-video-preview:-1\" \/>\n<link rel=\"canonical\" href=\"https:\/\/www.paciottisalumeria.it\/en\/prodotto\/bagoss-2\/\" \/>\n<meta property=\"og:locale\" content=\"en_US\" \/>\n<meta property=\"og:type\" content=\"article\" \/>\n<meta property=\"og:title\" content=\"Bag\u00f2ss - Paciotti Salumeria Rome\" \/>\n<meta property=\"og:description\" content=\"Bag\u00f2ss is the typical cheese of Bagolino, with an intense and spicy flavour thanks to saffron, an authentic symbol of Alpine traditions.\" \/>\n<meta property=\"og:url\" content=\"https:\/\/www.paciottisalumeria.it\/en\/prodotto\/bagoss-2\/\" \/>\n<meta property=\"og:site_name\" content=\"Paciotti Salumeria Rome\" \/>\n<meta property=\"article:modified_time\" content=\"2024-09-25T12:13:11+00:00\" \/>\n<meta property=\"og:image\" content=\"https:\/\/www.paciottisalumeria.it\/wp-content\/uploads\/2021\/07\/Bagoss-1.jpg\" \/>\n\t<meta property=\"og:image:width\" content=\"1080\" \/>\n\t<meta property=\"og:image:height\" content=\"1080\" \/>\n\t<meta property=\"og:image:type\" content=\"image\/jpeg\" \/>\n<meta name=\"twitter:card\" content=\"summary_large_image\" \/>\n<script type=\"application\/ld+json\" class=\"yoast-schema-graph\">{\"@context\":\"https:\/\/schema.org\",\"@graph\":[{\"@type\":\"WebPage\",\"@id\":\"https:\/\/www.paciottisalumeria.it\/en\/prodotto\/bagoss-2\/\",\"url\":\"https:\/\/www.paciottisalumeria.it\/en\/prodotto\/bagoss-2\/\",\"name\":\"Bag\u00f2ss - Paciotti Salumeria Rome\",\"isPartOf\":{\"@id\":\"https:\/\/www.paciottisalumeria.it\/#website\"},\"datePublished\":\"2021-11-25T15:55:08+00:00\",\"dateModified\":\"2024-09-25T12:13:11+00:00\",\"description\":\"Bag\u00f2ss is the typical cheese of Bagolino, with an intense and spicy flavour thanks to saffron, an authentic symbol of Alpine traditions.\",\"breadcrumb\":{\"@id\":\"https:\/\/www.paciottisalumeria.it\/en\/prodotto\/bagoss-2\/#breadcrumb\"},\"inLanguage\":\"en-US\",\"potentialAction\":[{\"@type\":\"ReadAction\",\"target\":[\"https:\/\/www.paciottisalumeria.it\/en\/prodotto\/bagoss-2\/\"]}]},{\"@type\":\"BreadcrumbList\",\"@id\":\"https:\/\/www.paciottisalumeria.it\/en\/prodotto\/bagoss-2\/#breadcrumb\",\"itemListElement\":[{\"@type\":\"ListItem\",\"position\":1,\"name\":\"Home\",\"item\":\"https:\/\/www.paciottisalumeria.it\/en\/\"},{\"@type\":\"ListItem\",\"position\":2,\"name\":\"Products\",\"item\":\"https:\/\/www.paciottisalumeria.it\/en\/products\/\"},{\"@type\":\"ListItem\",\"position\":3,\"name\":\"Bag\u00f2ss\"}]},{\"@type\":\"WebSite\",\"@id\":\"https:\/\/www.paciottisalumeria.it\/#website\",\"url\":\"https:\/\/www.paciottisalumeria.it\/\",\"name\":\"Paciotti Salumeria Rome\",\"description\":\"Delicatessen Gourmet Rome\",\"potentialAction\":[{\"@type\":\"SearchAction\",\"target\":{\"@type\":\"EntryPoint\",\"urlTemplate\":\"https:\/\/www.paciottisalumeria.it\/?s={search_term_string}\"},\"query-input\":\"required name=search_term_string\"}],\"inLanguage\":\"en-US\"}]}<\/script>\n<!-- \/ Yoast SEO plugin. -->","yoast_head_json":{"title":"Bag\u00f2ss - Paciotti Salumeria Rome","description":"Bag\u00f2ss is the typical cheese of Bagolino, with an intense and spicy flavour thanks to saffron, an authentic symbol of Alpine traditions.","robots":{"index":"index","follow":"follow","max-snippet":"max-snippet:-1","max-image-preview":"max-image-preview:large","max-video-preview":"max-video-preview:-1"},"canonical":"https:\/\/www.paciottisalumeria.it\/en\/prodotto\/bagoss-2\/","og_locale":"en_US","og_type":"article","og_title":"Bag\u00f2ss - Paciotti Salumeria Rome","og_description":"Bag\u00f2ss is the typical cheese of Bagolino, with an intense and spicy flavour thanks to saffron, an authentic symbol of Alpine traditions.","og_url":"https:\/\/www.paciottisalumeria.it\/en\/prodotto\/bagoss-2\/","og_site_name":"Paciotti Salumeria Rome","article_modified_time":"2024-09-25T12:13:11+00:00","og_image":[{"width":1080,"height":1080,"url":"https:\/\/www.paciottisalumeria.it\/wp-content\/uploads\/2021\/07\/Bagoss-1.jpg","type":"image\/jpeg"}],"twitter_card":"summary_large_image","schema":{"@context":"https:\/\/schema.org","@graph":[{"@type":"WebPage","@id":"https:\/\/www.paciottisalumeria.it\/en\/prodotto\/bagoss-2\/","url":"https:\/\/www.paciottisalumeria.it\/en\/prodotto\/bagoss-2\/","name":"Bag\u00f2ss - Paciotti Salumeria Rome","isPartOf":{"@id":"https:\/\/www.paciottisalumeria.it\/#website"},"datePublished":"2021-11-25T15:55:08+00:00","dateModified":"2024-09-25T12:13:11+00:00","description":"Bag\u00f2ss is the typical cheese of Bagolino, with an intense and spicy flavour thanks to saffron, an authentic symbol of Alpine traditions.","breadcrumb":{"@id":"https:\/\/www.paciottisalumeria.it\/en\/prodotto\/bagoss-2\/#breadcrumb"},"inLanguage":"en-US","potentialAction":[{"@type":"ReadAction","target":["https:\/\/www.paciottisalumeria.it\/en\/prodotto\/bagoss-2\/"]}]},{"@type":"BreadcrumbList","@id":"https:\/\/www.paciottisalumeria.it\/en\/prodotto\/bagoss-2\/#breadcrumb","itemListElement":[{"@type":"ListItem","position":1,"name":"Home","item":"https:\/\/www.paciottisalumeria.it\/en\/"},{"@type":"ListItem","position":2,"name":"Products","item":"https:\/\/www.paciottisalumeria.it\/en\/products\/"},{"@type":"ListItem","position":3,"name":"Bag\u00f2ss"}]},{"@type":"WebSite","@id":"https:\/\/www.paciottisalumeria.it\/#website","url":"https:\/\/www.paciottisalumeria.it\/","name":"Paciotti Salumeria Rome","description":"Delicatessen Gourmet Rome","potentialAction":[{"@type":"SearchAction","target":{"@type":"EntryPoint","urlTemplate":"https:\/\/www.paciottisalumeria.it\/?s={search_term_string}"},"query-input":"required name=search_term_string"}],"inLanguage":"en-US"}]}},"_links":{"self":[{"href":"https:\/\/www.paciottisalumeria.it\/en\/wp-json\/wp\/v2\/product\/1947"}],"collection":[{"href":"https:\/\/www.paciottisalumeria.it\/en\/wp-json\/wp\/v2\/product"}],"about":[{"href":"https:\/\/www.paciottisalumeria.it\/en\/wp-json\/wp\/v2\/types\/product"}],"wp:featuredmedia":[{"embeddable":true,"href":"https:\/\/www.paciottisalumeria.it\/en\/wp-json\/wp\/v2\/media\/4021"}],"wp:attachment":[{"href":"https:\/\/www.paciottisalumeria.it\/en\/wp-json\/wp\/v2\/media?parent=1947"}],"wp:term":[{"taxonomy":"product_cat","embeddable":true,"href":"https:\/\/www.paciottisalumeria.it\/en\/wp-json\/wp\/v2\/product_cat?post=1947"},{"taxonomy":"product_tag","embeddable":true,"href":"https:\/\/www.paciottisalumeria.it\/en\/wp-json\/wp\/v2\/product_tag?post=1947"}],"curies":[{"name":"wp","href":"https:\/\/api.w.org\/{rel}","templated":true}]}}